{"id":11245,"date":"2023-02-01T23:25:04","date_gmt":"2023-02-01T23:25:04","guid":{"rendered":"http:\/\/acodmin.com\/user-group-curso-de-pensamiento-computacional-y-nuevas-tecnologias\/"},"modified":"2023-05-05T03:59:14","modified_gmt":"2023-05-05T03:59:14","slug":"user-group-curso-de-pensamiento-computacional-y-nuevas-tecnologias","status":"publish","type":"page","link":"https:\/\/acodmin.com\/es\/user-group-curso-de-pensamiento-computacional-y-nuevas-tecnologias\/","title":{"rendered":"User Group &#8211; Curso de pensamiento computacional y nuevas tecnolog\u00edas"},"content":{"rendered":"<p><\/p>\n\n\n\n<p><strong>Pensamiento computacional:<\/strong><br>El pensamiento computacional se puede definir como una estrategia utilizada para dise\u00f1ar soluciones y resolver problemas de manera efectiva con base en la tecnolog\u00eda.<\/p>\n\n\n\n<p>Este enfoque puede definirse como \u201cun enfoque distinto<br>capacidad humana creativa, cr\u00edtica y estrat\u00e9gica para saber utilizar<br>los fundamentos de la Computaci\u00f3n y el razonamiento l\u00f3gico , en las m\u00e1s diversas \u00e1reas de la<br>conocimiento, con el fin de identificar y resolver problemas,<br>individualmente o en colaboraci\u00f3n, a trav\u00e9s de pasos<br>clara, de tal manera que una persona o una m\u00e1quina pueda<br>ejecutarlos con eficacia\u201d (BRACKMANN, 2017, p. 29).<\/p>\n\n\n\n<p>Descubre y aprende algunas tareas computacionales que pueden y son aplicadas en nuestra vida diaria.<\/p>\n\n\n\n<p><strong>Nuevas Tecnolog\u00edas<\/strong><\/p>\n\n\n\n<p>Vea y conozca, algunas divertidas herramientas de ense\u00f1anza y aprendizaje.<\/p>\n\n\n\n<p>Adem\u00e1s de una introducci\u00f3n a los &#8220;nuevos&#8221; medios tecnol\u00f3gicos y tecnolog\u00edas que se insertan en nuestra vida cotidiana.<\/p>\n\n\n\n<p><\/p>\n\n\n\n<figure class=\"is-layout-flex wp-block-gallery-1 wp-block-gallery has-nested-images columns-default is-cropped\">\n<figure class=\"wp-block-image size-large\"><img fetchpriority=\"high\" decoding=\"async\" width=\"1024\" height=\"818\" data-id=\"11276\"  src=\"http:\/\/acodmin.com\/wp-content\/uploads\/2023\/02\/AdobeStock_122613225-1024x818.jpeg\" alt=\"\" class=\"wp-image-11276\" srcset=\"https:\/\/acodmin.com\/wp-content\/uploads\/2023\/02\/AdobeStock_122613225-1024x818.jpeg 1024w, https:\/\/acodmin.com\/wp-content\/uploads\/2023\/02\/AdobeStock_122613225-300x240.jpeg 300w, https:\/\/acodmin.com\/wp-content\/uploads\/2023\/02\/AdobeStock_122613225-768x613.jpeg 768w, https:\/\/acodmin.com\/wp-content\/uploads\/2023\/02\/AdobeStock_122613225-1536x1227.jpeg 1536w, https:\/\/acodmin.com\/wp-content\/uploads\/2023\/02\/AdobeStock_122613225-2048x1636.jpeg 2048w, https:\/\/acodmin.com\/wp-content\/uploads\/2023\/02\/AdobeStock_122613225-15x12.jpeg 15w, https:\/\/acodmin.com\/wp-content\/uploads\/2023\/02\/AdobeStock_122613225-850x679.jpeg 850w\" sizes=\"(max-width: 1024px) 100vw, 1024px\" \/><figcaption class=\"wp-element-caption\">Ideas pensamiento creativo personas concepto gr\u00e1fico<\/figcaption><\/figure>\n\n\n\n<figure class=\"wp-block-image size-large\"><img decoding=\"async\" width=\"1024\" height=\"1024\" data-id=\"11277\"  src=\"http:\/\/acodmin.com\/wp-content\/uploads\/2023\/02\/25-5dd8441e2e69a-1024x1024.png\" alt=\"\" class=\"wp-image-11277\" srcset=\"https:\/\/acodmin.com\/wp-content\/uploads\/2023\/02\/25-5dd8441e2e69a-1024x1024.png 1024w, https:\/\/acodmin.com\/wp-content\/uploads\/2023\/02\/25-5dd8441e2e69a-300x300.png 300w, https:\/\/acodmin.com\/wp-content\/uploads\/2023\/02\/25-5dd8441e2e69a-150x150.png 150w, https:\/\/acodmin.com\/wp-content\/uploads\/2023\/02\/25-5dd8441e2e69a-768x768.png 768w, https:\/\/acodmin.com\/wp-content\/uploads\/2023\/02\/25-5dd8441e2e69a-12x12.png 12w, https:\/\/acodmin.com\/wp-content\/uploads\/2023\/02\/25-5dd8441e2e69a-850x850.png 850w, https:\/\/acodmin.com\/wp-content\/uploads\/2023\/02\/25-5dd8441e2e69a.png 1182w\" sizes=\"(max-width: 1024px) 100vw, 1024px\" \/><figcaption class=\"wp-element-caption\">Pensamiento Computacional<\/figcaption><\/figure>\n\n\n\n<figure class=\"wp-block-image size-large\"><img decoding=\"async\" width=\"591\" height=\"349\" data-id=\"11274\"  src=\"http:\/\/acodmin.com\/wp-content\/uploads\/2023\/02\/steam_castellano-2.png\" alt=\"\" class=\"wp-image-11274\" srcset=\"https:\/\/acodmin.com\/wp-content\/uploads\/2023\/02\/steam_castellano-2.png 591w, https:\/\/acodmin.com\/wp-content\/uploads\/2023\/02\/steam_castellano-2-300x177.png 300w, https:\/\/acodmin.com\/wp-content\/uploads\/2023\/02\/steam_castellano-2-18x12.png 18w\" sizes=\"(max-width: 591px) 100vw, 591px\" \/><figcaption class=\"wp-element-caption\">STEAM <\/figcaption><\/figure>\n<\/figure>\n\n\n<div class=\"pmagic\">\n    <div class=\"pg-group-box-wrap pg-single-group-card-box\">\n           <div class=\"pm-group-card-box pm-dbfl pm-border-bt\">\n         <div class=\"pm-group-card pm-dbfl pm-border pm-bg pm-radius5\">\n            <div class=\"pm-group-title pm-dbfl pm-bg-lt pm-pad10 pm-border-bt\">\n            <i class=\"fa fa-users\" aria-hidden=\"true\"><\/i>\n\t\t\tCurso de pensamiento computacional y nuevas tecnolog\u00edas                        <\/div>\n             <div class=\"pm-group-image pm-difl pm-border\">\n                  <img width=\"2560\" height=\"1592\" src=\"https:\/\/acodmin.com\/wp-content\/uploads\/2023\/02\/AdobeStock_240070419-scaled.jpeg\" class=\"\" alt=\"\" \/>                   \n                  \t\t\t\t<div class=\"pm-group-signup\">\n                                    <button onclick=\"window.location.href='https:\/\/acodmin.com\/es\/registration\/?gid=6'\" class=\"pm_button\">Join Group<\/button>\t\t\t\t<\/div>                \n\t\t\t\t                 \n             <\/div>\n             <div class=\"pm-group-description pm-difl pm-bg pm-pad10 pm-border\">\n         \n         \t\t                 <div class=\"pm-card-row pm-dbfl\">\n                    <div class=\"pm-card-label pm-difl\">Members<\/div>\n                    <div class=\"pm-card-value pm-difl\">0<\/div>\n                 <\/div>\n                                  \n                                   <div class=\"pm-card-row pm-dbfl\">\n                    <div class=\"pm-card-label pm-difl\">Details<\/div>\n                    <div class=\"pm-card-value pm-difl\">Pensamiento Computacional: El pensamiento computacional se puede definir como una estrategia utilizada para dise\u00f1ar soluciones y resolver problemas de manera efectiva con base en la tecnolog\u00eda.<\/div>\n                 <\/div>\n                                               <\/div>\n           <\/div>\n           \n           \n\n        <\/div>\n   \n          <div id=\"pg_group_tabs\" class=\"pm-section-nav-horizental pm-dbfl\">\n        <ul class=\"pm-difl pm-profile-tab-wrap pm-border-bt\">\t\n                        <li class=\"pm-profile-tab pm-pad10\"><a class=\"pm-dbfl\" href=\"#pg_members\">Members<\/a><\/li>\n                                     \n        <\/ul>\n                <div id=\"pg_members\" class=\"pm-dbfl pg-profile-tab-content\">\n        <input type=\"hidden\" id=\"pg-gid\" name=\"pg-gid\" value=\"6\">\n        <div class=\"pg-group-setting-head pm-dbfl pm-bg pg-group-filters-head\">\n        <div class=\"pg-group-sorting-ls pg-members-sortby pm-difl\">\n            <div class=\"pg-sortby-alpha pm-difl\">\n                <span class=\"pg-group-sorting-title pm-difl\">Sort by<\/span>\n            <span class=\"pg-sort-dropdown pm-border pm-difl\">\n                <select class=\"pg-custom-select\" name=\"member_sort_by_grid\" id=\"member_sort_by_grid\" onchange=\"pm_get_all_users_from_group_grid_view(1,'grid')\">\n                    <option value=\"oldest_first\"  selected='selected'>Oldest<\/option>\n                    <option value=\"latest_first\"  >Newest<\/option>\n                    <option value=\"first_name_asc\"  >First Name Alphabetically A - Z<\/option>\n                    <option value=\"first_name_desc\"  >First Name Alphabetically Z - A<\/option>\n                    <option value=\"last_name_asc\"  >Last Name Alphabetically A - Z<\/option>\n                    <option value=\"last_name_desc\"  >Last Name Alphabetically Z- A<\/option>\n\n                <\/select>\n            <\/span>\n                <\/div>\n            \n        <\/div>\n      \n        <div class=\"pg-group-sorting-rs pm-difr\">\n           <div class=\"pg-members-sortby\">\n                <span class=\"pg-sort-dropdown pm-border\">\n                    <select class=\"pg-custom-select\" id=\"member_search_in_grid\" name=\"member_search_in_grid\" onchange=\"pm_get_all_users_from_group_grid_view(1,'grid')\">\n                        <option value=\"\">Select a Field<\/option>\n                        <option value=\"user_email\">Email<\/option>                    <\/select>\n                <\/span>\n\n            <\/div>\n            <div class=\"pg-member-search\"><input type=\"text\" name=\"member_search_grid\" id=\"member_search_grid\" placeholder=\"Search\" onkeyup=\"pm_get_all_users_from_group_grid_view(1,'grid')\"><\/div>\n        <\/div>\n\n    <\/div>    \n        \n            <div id=\"pg_members_grid_view\">    \n            \n            \n<div class=\"pg-alert-warning pg-alert-info\">No User Profile is registered in this Group<\/div><div class=\"pm_clear\"><\/div><div class=\"pm-member-pagination-grid\"><\/div>            <\/div>  \n          <\/div>\n                        \n        \n      <\/div>\n            \n<\/div>\n    <\/div>\n<div class=\"pm-popup-mask\"><\/div>    \n\n<div id=\"pm-edit-group-popup\" style=\"display: none;\">\n    <div class=\"pm-popup-container\" id=\"pg_edit_group_html_container\">\n     \n        \n    <\/div>\n<\/div>","protected":false},"excerpt":{"rendered":"<p>Pensamiento computacional:El pensamiento computacional se puede definir como una estrategia utilizada para dise\u00f1ar soluciones y resolver problemas de manera efectiva con base en la tecnolog\u00eda. Este enfoque puede definirse como \u201cun enfoque distintocapacidad humana creativa, cr\u00edtica y estrat\u00e9gica para saber utilizarlos fundamentos de la Computaci\u00f3n y el razonamiento l\u00f3gico , en las m\u00e1s diversas \u00e1reas&#8230;<\/p>","protected":false},"author":1,"featured_media":0,"parent":0,"menu_order":0,"comment_status":"closed","ping_status":"closed","template":"","meta":[],"aioseo_notices":[],"brizy_media":[],"_links":{"self":[{"href":"https:\/\/acodmin.com\/es\/wp-json\/wp\/v2\/pages\/11245"}],"collection":[{"href":"https:\/\/acodmin.com\/es\/wp-json\/wp\/v2\/pages"}],"about":[{"href":"https:\/\/acodmin.com\/es\/wp-json\/wp\/v2\/types\/page"}],"author":[{"embeddable":true,"href":"https:\/\/acodmin.com\/es\/wp-json\/wp\/v2\/users\/1"}],"replies":[{"embeddable":true,"href":"https:\/\/acodmin.com\/es\/wp-json\/wp\/v2\/comments?post=11245"}],"version-history":[{"count":2,"href":"https:\/\/acodmin.com\/es\/wp-json\/wp\/v2\/pages\/11245\/revisions"}],"predecessor-version":[{"id":11280,"href":"https:\/\/acodmin.com\/es\/wp-json\/wp\/v2\/pages\/11245\/revisions\/11280"}],"wp:attachment":[{"href":"https:\/\/acodmin.com\/es\/wp-json\/wp\/v2\/media?parent=11245"}],"curies":[{"name":"wp","href":"https:\/\/api.w.org\/{rel}","templated":true}]}}