{"id":2,"date":"2023-01-29T09:42:53","date_gmt":"2023-01-29T09:42:53","guid":{"rendered":"http:\/\/acodmin.com\/?page_id=2"},"modified":"2023-02-09T00:20:20","modified_gmt":"2023-02-09T00:20:20","slug":"sample-page","status":"publish","type":"page","link":"http:\/\/acodmin.com\/es\/sample-page\/","title":{"rendered":"Nuestra Misi\u00f3n"},"content":{"rendered":"<h2><a href=\"#Misi\u00f3n\" title=\"\">Misi\u00f3n<\/a>, Visi\u00f3n y Objetivos:<\/h2>\n\n\n\n<figure class=\"wp-block-image size-large\"><img fetchpriority=\"high\" decoding=\"async\" width=\"1024\" height=\"539\" src=\"http:\/\/acodmin.com\/wp-content\/uploads\/2023\/01\/AdobeStock_88021717-1024x539.jpeg\" alt=\"\" class=\"wp-image-11135\" srcset=\"http:\/\/acodmin.com\/wp-content\/uploads\/2023\/01\/AdobeStock_88021717-1024x539.jpeg 1024w, http:\/\/acodmin.com\/wp-content\/uploads\/2023\/01\/AdobeStock_88021717-300x158.jpeg 300w, http:\/\/acodmin.com\/wp-content\/uploads\/2023\/01\/AdobeStock_88021717-768x404.jpeg 768w, http:\/\/acodmin.com\/wp-content\/uploads\/2023\/01\/AdobeStock_88021717-1536x808.jpeg 1536w, http:\/\/acodmin.com\/wp-content\/uploads\/2023\/01\/AdobeStock_88021717-2048x1078.jpeg 2048w, http:\/\/acodmin.com\/wp-content\/uploads\/2023\/01\/AdobeStock_88021717-18x9.jpeg 18w, http:\/\/acodmin.com\/wp-content\/uploads\/2023\/01\/AdobeStock_88021717-850x447.jpeg 850w\" sizes=\"(max-width: 1024px) 100vw, 1024px\" \/><figcaption class=\"wp-element-caption\">Unidos logramos m\u00e1s<\/figcaption><\/figure>\n\n\n\n<p><\/p>\n\n\n\n<p class=\"has-text-align-center\">Asociaci\u00f3n sin fines de lucro que promueve lazos de amistad y compa\u00f1erismo entre sus socios. Asociaci\u00f3n que quiere ayudar proyectos sociales al pa\u00eds de acogida.<\/p>\n\n\n\n<p><\/p>\n\n\n\n<p><\/p>\n\n\n\n<h2 class=\"has-text-align-center\"><strong>Breve Historia:<\/strong><\/h2>\n\n\n\n<p class=\"has-text-align-center\">Hace 29 a\u00f1os un grupo de c\u00f3nyuges de funcionarios diplom\u00e1ticos, acreditados en Nicaragua, se auto asignaron una misi\u00f3n de beneficencia para el pa\u00eds, ayudar de alguna manera en el entorno donde ven\u00edan a residir.<\/p>\n\n\n\n<p><\/p>\n\n\n\n<p class=\"has-text-align-center\">El 7 de octubre de 1993, se cre\u00f3 la Asociaci\u00f3n de Damas Diplom\u00e1ticas y de Misiones Internacionales de Nicaragua, ACODMIN, aunque su personer\u00eda y sus estatutos se aprobaron un a\u00f1o despu\u00e9s en 1994.<br>Poco a poco tambi\u00e9n se fueron incorporando hombres a esta Asociaci\u00f3n por lo que cambia su nombre Asociaci\u00f3n de C\u00f3nyuges de Diplom\u00e1ticos y Misiones Internacionales en Nicaragua.<\/p>\n\n\n\n<p><\/p>\n\n\n\n<h2><strong>Estructura:<\/strong><\/h2>\n\n\n\n<p>Actualmente estamos compuestos por 23 miembros y una junta directiva compuesta por:<\/p>\n\n\n\n<ul>\n<li>Un presidente<\/li>\n\n\n\n<li>Un vicepresidente<\/li>\n\n\n\n<li>Una secretaria<\/li>\n\n\n\n<li>Un tesorero<\/li>\n\n\n\n<li>Cuatro vocales<\/li>\n<\/ul>\n\n\n\n<blockquote class=\"wp-block-quote\">\n<h2><strong>\u00bfCu\u00e1les son los objetivos de la asociaci\u00f3n?<\/strong><\/h2>\n\n\n\n<p>Promover la amistad, la cooperaci\u00f3n, la solidaridad entre las personas que son miembros.<\/p>\n<\/blockquote>\n\n\n\n<p><\/p>\n\n\n\n<blockquote class=\"wp-block-quote\">\n<h2>Compromiso con la sociedad Nicarag\u00fcense:<\/h2>\n\n\n\n<p>Realizando obras, proyectos, voluntariados que puedan traer alg\u00fan beneficio al pa\u00eds que nos es anfitri\u00f3n.<\/p>\n<\/blockquote>\n\n\n\n<h2>Beneficios que te ofrece:<\/h2>\n\n\n\n<blockquote class=\"wp-block-quote\">\n<p>Emigrar a otro pa\u00eds es un desaf\u00edo para cualquier ser humano ya que no s\u00f3lo conlleva a adaptarse a otras costumbres, sino tambi\u00e9n a asumir una nueva forma de vida. Es decir, es un proceso multidimensional que implica convivir con gentes de otras culturas, desarrollar v\u00ednculos sociales diferentes, adquirir nuevos h\u00e1bitos, conocer idiomas, costumbres y valores del nuevo destino, entre otras muchas cosas. &nbsp;<\/p>\n\n\n\n<p>En adici\u00f3n, numerosos estudios sugieren que a mayor nivel de comunicaci\u00f3n, cercan\u00eda y apoyo emocional a los miembros de la familia del expatriado, mayor es el nivel de cohesi\u00f3n, y, como consecuencia, mayor la adaptaci\u00f3n del expatriado. Conscientes de esta realidad, ACODMIN se propone: Reuniones fraternales peri\u00f3dicas para brindar amistad, encuentros culturales con bailes, bingos y presentaciones culturales, diferentes cursos, seg\u00fan los intereses de sus integrantes, charlas sobre diversos temas, encuentros culturales para conocer mejor nuestro pa\u00eds anfitri\u00f3n, peque\u00f1os bazares, participaci\u00f3n en eventos sociales y proyectos y obras filantr\u00f3picas en Nicaragua.<\/p>\n<\/blockquote>\n\n\n\n<p><\/p>\n\n\n\n<h1>Nuestros <a href=\"#Proyectos\" title=\"Proyectos\">Proyectos<\/a><\/h1>\n\n\n\n<figure class=\"is-layout-flex wp-block-gallery-1 wp-block-gallery has-nested-images columns-default is-cropped\">\n<figure class=\"wp-block-image size-large\"><img decoding=\"async\" width=\"1024\" height=\"683\" data-id=\"11134\"  src=\"http:\/\/acodmin.com\/wp-content\/uploads\/2023\/01\/AdobeStock_219292909-1024x683.jpeg\" alt=\"\" class=\"wp-image-11134\" srcset=\"http:\/\/acodmin.com\/wp-content\/uploads\/2023\/01\/AdobeStock_219292909-1024x683.jpeg 1024w, http:\/\/acodmin.com\/wp-content\/uploads\/2023\/01\/AdobeStock_219292909-300x200.jpeg 300w, http:\/\/acodmin.com\/wp-content\/uploads\/2023\/01\/AdobeStock_219292909-768x513.jpeg 768w, http:\/\/acodmin.com\/wp-content\/uploads\/2023\/01\/AdobeStock_219292909-1536x1025.jpeg 1536w, http:\/\/acodmin.com\/wp-content\/uploads\/2023\/01\/AdobeStock_219292909-2048x1367.jpeg 2048w, http:\/\/acodmin.com\/wp-content\/uploads\/2023\/01\/AdobeStock_219292909-18x12.jpeg 18w, http:\/\/acodmin.com\/wp-content\/uploads\/2023\/01\/AdobeStock_219292909-850x567.jpeg 850w\" sizes=\"(max-width: 1024px) 100vw, 1024px\" \/><figcaption class=\"wp-element-caption\">Alegr\u00eda<\/figcaption><\/figure>\n\n\n\n<figure class=\"wp-block-image size-large\"><img decoding=\"async\" width=\"576\" height=\"1024\" data-id=\"11132\"  src=\"http:\/\/acodmin.com\/wp-content\/uploads\/2023\/01\/72342239_1862263747253573_3234303063300767744_n-576x1024.jpg\" alt=\"\" class=\"wp-image-11132\" srcset=\"http:\/\/acodmin.com\/wp-content\/uploads\/2023\/01\/72342239_1862263747253573_3234303063300767744_n-576x1024.jpg 576w, http:\/\/acodmin.com\/wp-content\/uploads\/2023\/01\/72342239_1862263747253573_3234303063300767744_n-169x300.jpg 169w, http:\/\/acodmin.com\/wp-content\/uploads\/2023\/01\/72342239_1862263747253573_3234303063300767744_n-7x12.jpg 7w, http:\/\/acodmin.com\/wp-content\/uploads\/2023\/01\/72342239_1862263747253573_3234303063300767744_n-300x533.jpg 300w, http:\/\/acodmin.com\/wp-content\/uploads\/2023\/01\/72342239_1862263747253573_3234303063300767744_n.jpg 720w\" sizes=\"(max-width: 576px) 100vw, 576px\" \/><figcaption class=\"wp-element-caption\">Lecturas<\/figcaption><\/figure>\n\n\n\n<figure class=\"wp-block-image size-large\"><img loading=\"lazy\" decoding=\"async\" width=\"1024\" height=\"588\" data-id=\"11074\"  src=\"http:\/\/acodmin.com\/wp-content\/uploads\/2023\/01\/IMG_7415-2-1024x588.jpeg\" alt=\"\" class=\"wp-image-11074\" srcset=\"http:\/\/acodmin.com\/wp-content\/uploads\/2023\/01\/IMG_7415-2-1024x588.jpeg 1024w, http:\/\/acodmin.com\/wp-content\/uploads\/2023\/01\/IMG_7415-2-300x172.jpeg 300w, http:\/\/acodmin.com\/wp-content\/uploads\/2023\/01\/IMG_7415-2-768x441.jpeg 768w, http:\/\/acodmin.com\/wp-content\/uploads\/2023\/01\/IMG_7415-2-1536x882.jpeg 1536w, http:\/\/acodmin.com\/wp-content\/uploads\/2023\/01\/IMG_7415-2-850x488.jpeg 850w, http:\/\/acodmin.com\/wp-content\/uploads\/2023\/01\/IMG_7415-2.jpeg 1565w\" sizes=\"(max-width: 1024px) 100vw, 1024px\" \/><figcaption class=\"wp-element-caption\">Datas Especiales<\/figcaption><\/figure>\n\n\n\n<figure class=\"wp-block-image size-large\"><img loading=\"lazy\" decoding=\"async\" width=\"1024\" height=\"683\" data-id=\"11137\"  src=\"http:\/\/acodmin.com\/wp-content\/uploads\/2023\/01\/AdobeStock_114990986-2-1024x683.jpeg\" alt=\"\" class=\"wp-image-11137\" srcset=\"http:\/\/acodmin.com\/wp-content\/uploads\/2023\/01\/AdobeStock_114990986-2-1024x683.jpeg 1024w, http:\/\/acodmin.com\/wp-content\/uploads\/2023\/01\/AdobeStock_114990986-2-300x200.jpeg 300w, http:\/\/acodmin.com\/wp-content\/uploads\/2023\/01\/AdobeStock_114990986-2-768x512.jpeg 768w, http:\/\/acodmin.com\/wp-content\/uploads\/2023\/01\/AdobeStock_114990986-2-1536x1024.jpeg 1536w, http:\/\/acodmin.com\/wp-content\/uploads\/2023\/01\/AdobeStock_114990986-2-2048x1365.jpeg 2048w, http:\/\/acodmin.com\/wp-content\/uploads\/2023\/01\/AdobeStock_114990986-2-18x12.jpeg 18w, http:\/\/acodmin.com\/wp-content\/uploads\/2023\/01\/AdobeStock_114990986-2-850x567.jpeg 850w\" sizes=\"(max-width: 1024px) 100vw, 1024px\" \/><figcaption class=\"wp-element-caption\">El comedor infantil<\/figcaption><\/figure>\n<\/figure>\n\n\n\n<figure class=\"wp-block-image size-large\"><img loading=\"lazy\" decoding=\"async\" width=\"1024\" height=\"576\" src=\"http:\/\/acodmin.com\/wp-content\/uploads\/2023\/01\/327192205_902149110962546_7907619834442847005_n-1024x576.jpg\" alt=\"\" class=\"wp-image-11142\" srcset=\"http:\/\/acodmin.com\/wp-content\/uploads\/2023\/01\/327192205_902149110962546_7907619834442847005_n-1024x576.jpg 1024w, http:\/\/acodmin.com\/wp-content\/uploads\/2023\/01\/327192205_902149110962546_7907619834442847005_n-300x169.jpg 300w, http:\/\/acodmin.com\/wp-content\/uploads\/2023\/01\/327192205_902149110962546_7907619834442847005_n-768x432.jpg 768w, http:\/\/acodmin.com\/wp-content\/uploads\/2023\/01\/327192205_902149110962546_7907619834442847005_n-18x10.jpg 18w, http:\/\/acodmin.com\/wp-content\/uploads\/2023\/01\/327192205_902149110962546_7907619834442847005_n-850x478.jpg 850w, http:\/\/acodmin.com\/wp-content\/uploads\/2023\/01\/327192205_902149110962546_7907619834442847005_n.jpg 1280w\" sizes=\"(max-width: 1024px) 100vw, 1024px\" \/><figcaption class=\"wp-element-caption\">Vista del Proyecto de Remodelaci\u00f3n y Ampliaci\u00f3n de la Escuela y Comedor Sta. Rosa de Lima.<\/figcaption><\/figure>\n\n\n\n<p><\/p>\n\n\n\n<figure class=\"wp-block-image size-large\"><img loading=\"lazy\" decoding=\"async\" width=\"1024\" height=\"577\" src=\"http:\/\/acodmin.com\/wp-content\/uploads\/2023\/01\/proydtos-1024x577.jpg\" alt=\"\" class=\"wp-image-11175\" srcset=\"http:\/\/acodmin.com\/wp-content\/uploads\/2023\/01\/proydtos-1024x577.jpg 1024w, http:\/\/acodmin.com\/wp-content\/uploads\/2023\/01\/proydtos-300x169.jpg 300w, http:\/\/acodmin.com\/wp-content\/uploads\/2023\/01\/proydtos-768x433.jpg 768w, http:\/\/acodmin.com\/wp-content\/uploads\/2023\/01\/proydtos-1536x865.jpg 1536w, http:\/\/acodmin.com\/wp-content\/uploads\/2023\/01\/proydtos-2048x1154.jpg 2048w, http:\/\/acodmin.com\/wp-content\/uploads\/2023\/01\/proydtos-18x10.jpg 18w, http:\/\/acodmin.com\/wp-content\/uploads\/2023\/01\/proydtos-850x479.jpg 850w\" sizes=\"(max-width: 1024px) 100vw, 1024px\" \/><\/figure>\n\n\n\n<p><\/p>\n\n\n\n<p><\/p>\n\n\n\n<p><\/p>\n\n\n\n<h1>\u00bfC\u00f3mo hacer su <a href=\"#Membres\u00eda\" title=\"Membres\u00eda\">Membres\u00eda<\/a>?<\/h1>\n\n\n\n<p><\/p>\n\n\n\n<h2>Requisitos para ser Miembro<\/h2>\n\n\n\n<p><\/p>\n\n\n\n<h2>Pasos para ingresar<\/h2>\n\n\n\n<h2>Responsabilidades como Miembros<\/h2>\n\n\n\n<p>Tenemos varias formas de reunir fondos. La primera y la m\u00e1s directa es a trav\u00e9s de una cuota de 15 d\u00f3lares por miembro que aportamos mensualmente y todo ese dinero se re\u00fane con la tesorer\u00eda y se junta con el dinero que se recauda de eventos y de donaciones.<\/p>\n\n\n\n<figure class=\"wp-block-image size-large\"><img loading=\"lazy\" decoding=\"async\" width=\"1024\" height=\"573\" src=\"http:\/\/acodmin.com\/wp-content\/uploads\/2023\/01\/AdobeStock_108935020-1024x573.jpeg\" alt=\"\" class=\"wp-image-11073\" srcset=\"http:\/\/acodmin.com\/wp-content\/uploads\/2023\/01\/AdobeStock_108935020-1024x573.jpeg 1024w, http:\/\/acodmin.com\/wp-content\/uploads\/2023\/01\/AdobeStock_108935020-300x168.jpeg 300w, http:\/\/acodmin.com\/wp-content\/uploads\/2023\/01\/AdobeStock_108935020-768x430.jpeg 768w, http:\/\/acodmin.com\/wp-content\/uploads\/2023\/01\/AdobeStock_108935020-1536x860.jpeg 1536w, http:\/\/acodmin.com\/wp-content\/uploads\/2023\/01\/AdobeStock_108935020-2048x1147.jpeg 2048w, http:\/\/acodmin.com\/wp-content\/uploads\/2023\/01\/AdobeStock_108935020-850x476.jpeg 850w\" sizes=\"(max-width: 1024px) 100vw, 1024px\" \/><\/figure>\n\n\n\n<p><a href=\"https:\/\/forms.gle\/9SSpUAfrH8QLAL8E8\" target=\"_blank\" rel=\"noopener\" title=\"Hoja De Registro - Asociaci\u00f3n De C\u00f3nyuges De Diplom\u00e1ticos Y Misiones Internacionales En Nicaragua.\">Hoja De Registro &#8211; Asociaci\u00f3n De C\u00f3nyuges De Diplom\u00e1ticos Y Misiones Internacionales En Nicaragua.<\/a><\/p>\n\n\n\n<p><\/p>\n\n\n\n<input type=\"button\" value=\"Regresar\" class=\"alg_back_button_input\" style=\"\" onclick=\"window.history.back()\" \/>","protected":false},"excerpt":{"rendered":"<p>Misi\u00f3n, Visi\u00f3n y Objetivos: Asociaci\u00f3n sin fines de lucro que promueve lazos de amistad y compa\u00f1erismo entre sus socios. Asociaci\u00f3n que quiere ayudar proyectos sociales al pa\u00eds de acogida. Breve Historia: Hace 29 a\u00f1os un grupo de c\u00f3nyuges de funcionarios diplom\u00e1ticos, acreditados en Nicaragua, se auto asignaron una misi\u00f3n de beneficencia para el pa\u00eds, ayudar&#8230;<\/p>","protected":false},"author":1,"featured_media":0,"parent":0,"menu_order":0,"comment_status":"closed","ping_status":"open","template":"","meta":[],"aioseo_notices":[],"brizy_media":[],"_links":{"self":[{"href":"http:\/\/acodmin.com\/es\/wp-json\/wp\/v2\/pages\/2"}],"collection":[{"href":"http:\/\/acodmin.com\/es\/wp-json\/wp\/v2\/pages"}],"about":[{"href":"http:\/\/acodmin.com\/es\/wp-json\/wp\/v2\/types\/page"}],"author":[{"embeddable":true,"href":"http:\/\/acodmin.com\/es\/wp-json\/wp\/v2\/users\/1"}],"replies":[{"embeddable":true,"href":"http:\/\/acodmin.com\/es\/wp-json\/wp\/v2\/comments?post=2"}],"version-history":[{"count":31,"href":"http:\/\/acodmin.com\/es\/wp-json\/wp\/v2\/pages\/2\/revisions"}],"predecessor-version":[{"id":11422,"href":"http:\/\/acodmin.com\/es\/wp-json\/wp\/v2\/pages\/2\/revisions\/11422"}],"wp:attachment":[{"href":"http:\/\/acodmin.com\/es\/wp-json\/wp\/v2\/media?parent=2"}],"curies":[{"name":"wp","href":"https:\/\/api.w.org\/{rel}","templated":true}]}}