{"id":10949,"date":"2023-01-29T19:49:26","date_gmt":"2023-01-29T19:49:26","guid":{"rendered":"http:\/\/acodmin.com\/registration\/"},"modified":"2023-02-02T21:43:16","modified_gmt":"2023-02-02T21:43:16","slug":"registration","status":"publish","type":"page","link":"http:\/\/acodmin.com\/es\/registration\/","title":{"rendered":"Registrarse"},"content":{"rendered":"<h2>Formulario de inscripci\u00f3n<\/h2>\n\n\n<div class=\"brz-root__container brz-reset-all\">\n<div class=\"pg-sc-title\"><\/div>\n<div id=\"pg-form-as-a-multi-page\" class=\"pg-sc-dec\">\n\n<div class=\"pmagic\">   \n    <!-----Form Starts----->\n    <form class=\"pmagic-form pm-dbfl\"\n          method=\"post\"\n          action=\"\"\n          id=\"multipage\"\n          name=\"pm_regform_1\"\n          onsubmit=\"return profile_magic_frontend_validation(this)\"\n          enctype=\"multipart\/form-data\" data-trp-original-action=\"\">\n\n        <input type=\"hidden\" name=\"pm_registration_nonce\" value=\"8109fb06a6\" \/>\n        <fieldset id=\"fieldset_1\"><legend>Detalles personales<\/legend><div class=\"pmrow\">        \n        <div class=\"pm-col\">\n            <div class=\"pm-field-lable\">\n                <span class=\"pm-form-field-icon\"><\/span>\n                <label for=\"user_login\">Nombre de usuario<sup class=\"pm_estric\">*<\/sup><\/label>\n            <\/div>\n            <div class=\"pm-field-input pm_user_name pm_required\">\n                <input title=\"Username\" type=\"text\" class=\"\" maxlength=\"\" value=\"\" id=\"user_login\" name=\"user_login\" placeholder=\"\" onkeyup=\"pm_frontend_check_username()\" onblur=\"pm_frontend_check_username()\">\n                <div class=\"errortext\" style=\"display:none;\"><\/div>\n                <div class=\"usernameerror\" style=\"display:none;\"><\/div>\n            <\/div>\n        <\/div>\n\n        <\/div><div class=\"pmrow\">        \n        <div class=\"pm-col\">\n            <div class=\"pm-field-lable\">\n                  <span class=\"pm-form-field-icon\"><\/span>\n                <label for=\"first_name\">Nombre<sup class=\"pm_estric\">*<\/sup><\/label>\n            <\/div>\n            <div class=\"pm-field-input pm_required\">\n                <input title=\"First Name\" type=\"text\" class=\"\" maxlength=\"\" value=\"\" id=\"first_name\" name=\"first_name\" placeholder=\"\">\n                <div class=\"errortext\" style=\"display:none;\"><\/div>\n            <\/div>\n        <\/div>\n\n        <\/div><div class=\"pmrow\">        \n        <div class=\"pm-col\">\n            <div class=\"pm-field-lable\">\n                  <span class=\"pm-form-field-icon\"><\/span>\n                <label for=\"last_name\">Apellido<sup class=\"pm_estric\">*<\/sup><\/label>\n            <\/div>\n            <div class=\"pm-field-input pm_required\">\n                <input title=\"Last Name\" type=\"text\" class=\"\" maxlength=\"\" value=\"\" id=\"last_name\" name=\"last_name\" placeholder=\"\">\n                <div class=\"errortext\" style=\"display:none;\"><\/div>\n            <\/div>\n        <\/div>\n\n        <\/div><div class=\"pmrow\">        \n        <div class=\"pm-col\">\n            <div class=\"pm-field-lable\">\n                  <span class=\"pm-form-field-icon\"><\/span>\n                <label for=\"user_email\">Email<sup class=\"pm_estric\">*<\/sup><\/label>\n            <\/div>\n            <div class=\"pm-field-input pm_email pm_user_email pm_required\">\n                                        <input title=\"\" type=\"email\" class=\"\"  value=\"\" id=\"user_email\" name=\"user_email\" placeholder=\"\" onkeyup=\"pm_frontend_check_useremail('')\" onblur=\"pm_frontend_check_useremail('')\" >\n                                        <div class=\"errortext\" style=\"display:none;\"><\/div>\n                <div class=\"useremailerror\" style=\"display:none;\"><\/div>\n            <\/div>\n        <\/div>\n\n        <\/div><div class=\"pmrow\">        \n        <div class=\"pm-col\">\n            <div class=\"pm-field-lable\">\n                <span class=\"pm-form-field-icon\"><\/span>\n                <label for=\"user_pass\">Contrase\u00f1a<sup class=\"pm_estric\">*<\/sup><\/label>\n            <\/div>\n            <div class=\"pm-field-input pm_user_pass pm_required\">\n                <input title=\"Password\" type=\"password\" class=\"\" maxlength=\"\" value=\"\" id=\"user_pass\" name=\"user_pass\" placeholder=\"\">\n                <div class=\"errortext\" style=\"display:none;\"><\/div>\n            <\/div>\n        <\/div>\n\n        <\/div><div class=\"pmrow\">        \n        <div class=\"pm-col\">\n            <div class=\"pm-field-lable\">\n                <span class=\"pm-form-field-icon\"><\/span>\n                <label for=\"confirm_pass\">Confirmar contrase\u00f1a<sup class=\"pm_estric\">*<\/sup><\/label>\n            <\/div>\n            <div class=\"pm-field-input pm_confirm_pass pm_required\">\n                <input title=\"Confirm Password\" type=\"password\" class=\"\" maxlength=\"\" value=\"\" id=\"confirm_pass\" name=\"confirm_pass\" placeholder=\"\">\n                <div class=\"errortext\" style=\"display:none;\"><\/div>\n            <\/div>\n        <\/div>\n        <\/div><div class=\"pmrow\">        \n        <div class=\"pm-col\">\n            <div class=\"pm-field-lable\">\n                  <span class=\"pm-form-field-icon\"><\/span>\n                <label for=\"user_url\">Organizaci\u00f3n en que est\u00e1 oficialmente asignado en Nicaragua<sup class=\"pm_estric\">*<\/sup><\/label>\n            <\/div>\n            <div class=\"pm-field-input pm_user_url pm_required\">\n                <input title=\"Organization in which you are officially assigned in Nicaragua..\" type=\"url\" class=\"\" maxlength=\"\" value=\"\" id=\"user_url\" name=\"user_url\" placeholder=\"\">\n                <div class=\"errortext\" style=\"display:none;\"><\/div>\n            <\/div>\n        <\/div>\n\n        <\/div><div class=\"pmrow\">        \n        <div class=\"pm-col\">\n            <div class=\"pm-field-lable\">\n                  <span class=\"pm-form-field-icon\"><\/span>\n                <label for=\"description\">Descripci\u00f3n biogr\u00e1fica<\/label>\n            <\/div>\n            <div class=\"pm-field-input\">\n                                 <textarea title=\"Biographical Info\" class=\"\" maxlength=\"\" cols=\"\" rows=\"\" id=\"description\" name=\"description\" placeholder=\"\"><\/textarea>\n                                <div class=\"errortext\" style=\"display:none;\"><\/div>\n            <\/div>\n        <\/div>\n        <\/div><div class=\"pmrow\">        \n        <div class=\"pm-col\">\n            <div class=\"pm-field-lable\">\n                <span class=\"pm-form-field-icon\"><\/span>\n                <label for=\"pm_field_15\">Subir identificaci\u00f3n y Formulario ACODMIN<\/label>\n            <\/div>\n            <div class=\"pm-field-input pm_fileinput\">\n                                <div class=\"pm_repeat\">\n                    <input title=\"Upload identification and ACODMIN-Form\" type=\"file\" class=\"\" id=\"pm_field_15\" name=\"pm_field_15[]\" data-filter-placeholder=\"\" \/>\n                                        <div class=\"errortext\" style=\"display:none;\"><\/div>\n                <\/div>\n\n            <\/div>\n        <\/div>\n        <\/div><div class=\"pmrow\">        \n        <div class=\"pm-col\">\n            <div class=\"pm-field-lable\">\n                  <span class=\"pm-form-field-icon\"><\/span>\n                <label for=\"pm_field_16\">N\u00famero de tel\u00e9fono m\u00f3vil<\/label>\n            <\/div>\n            <div class=\"pm-field-input pm_mobile_number\">              \n                <input type=\"text\" title=\"mobile number\" class=\"\" maxlength=\"\" value=\"\" id=\"pm_field_16\" name=\"pm_field_16\" placeholder=\"\">\n                <div class=\"errortext\" style=\"display:none;\"><\/div>\n            <\/div>\n        <\/div>\n        <\/div><div class=\"all_errors\" style=\"display:none;\"><\/div><\/fieldset>        <div class=\"pm-full-width-container pm-dbfl\">\n            <input type=\"hidden\" name=\"reg_form_submit\" value=\"Submit\" \/>\n            <input type=\"submit\"\n                   name=\"reg_form_submit\"\n                   class=\"submit action-button\"\n                   value=\"Submit\" \/>\n            <div class=\"all_errors\" style=\"display:none;\"><\/div>\n\n            \n                    <\/div>\n    <input type=\"hidden\" name=\"trp-form-language\" value=\"es\"\/><\/form>\n<\/div>\n<\/div>\n<\/div>\n<p><!-- version:1675357085 --><\/p>","protected":false},"excerpt":{"rendered":"<p>Formulario de inscripci\u00f3n<\/p>","protected":false},"author":1,"featured_media":0,"parent":0,"menu_order":0,"comment_status":"closed","ping_status":"closed","template":"brizy-blank-template.php","meta":[],"aioseo_notices":[],"brizy_media":[],"_links":{"self":[{"href":"http:\/\/acodmin.com\/es\/wp-json\/wp\/v2\/pages\/10949"}],"collection":[{"href":"http:\/\/acodmin.com\/es\/wp-json\/wp\/v2\/pages"}],"about":[{"href":"http:\/\/acodmin.com\/es\/wp-json\/wp\/v2\/types\/page"}],"author":[{"embeddable":true,"href":"http:\/\/acodmin.com\/es\/wp-json\/wp\/v2\/users\/1"}],"replies":[{"embeddable":true,"href":"http:\/\/acodmin.com\/es\/wp-json\/wp\/v2\/comments?post=10949"}],"version-history":[{"count":7,"href":"http:\/\/acodmin.com\/es\/wp-json\/wp\/v2\/pages\/10949\/revisions"}],"predecessor-version":[{"id":11324,"href":"http:\/\/acodmin.com\/es\/wp-json\/wp\/v2\/pages\/10949\/revisions\/11324"}],"wp:attachment":[{"href":"http:\/\/acodmin.com\/es\/wp-json\/wp\/v2\/media?parent=10949"}],"curies":[{"name":"wp","href":"https:\/\/api.w.org\/{rel}","templated":true}]}}