{"id":10893,"date":"2023-01-29T10:01:24","date_gmt":"2021-03-09T09:03:37","guid":{"rendered":"http:\/\/acodmin.com\/about-us\/"},"modified":"2023-02-02T01:33:37","modified_gmt":"2023-02-02T01:33:37","slug":"about-us","status":"publish","type":"page","link":"http:\/\/acodmin.com\/es\/about-us\/","title":{"rendered":"Sobre nosotros"},"content":{"rendered":"<p class=\"has-text-align-left\"><strong>ACODMIN<\/strong><\/p>\n\n\n\n<p>Esto es lo m\u00e1s importante que debes saber: somos m\u00e1s que un grupo de encuentros, actividades culturales y amigos. Ayudamos con peque\u00f1os proyectos a realizar proyectos sociales filantr\u00f3picos de calidad, efectivos con sustentabilidad, que marcan la diferencia en la vida de muchas personas y ni\u00f1os. Con nuestro trabajo voluntario apoyamos a algunas comunidades necesitadas, escuelas, comedores infantiles entre otros, ayudando a desarrollar todo su potencial de crecimiento, tambi\u00e9n con amor fraterno.<\/p>\n\n\n\n<div class=\"is-layout-flex wp-container-4 wp-block-columns has-gray-background-color has-background\">\n<div class=\"is-layout-flow wp-block-column\">\n<h4>Desde 7 de octubre de 1993<\/h4>\n\n\n\n<p>La ACODMIN \u2013 Asociaci\u00f3n de c\u00f3nyuges de diplom\u00e1ticos y misiones internacionales en Nicaragua fue fundada en 1993 en la ciudad de Managua<\/p>\n<\/div>\n\n\n\n<div class=\"is-layout-flow wp-block-column\">\n<h4>Nuestros amigos especialistas en voluntariado<\/h4>\n\n\n\n<p>Estamos muy orgullosos de nuestro equipo diverso y talentoso que representa a diferentes pa\u00edses e instituciones en el pa\u00eds anfitri\u00f3n de Nicaragua.<\/p>\n<\/div>\n\n\n\n<div class=\"is-layout-flow wp-block-column\">\n<h4>Muchos pa\u00edses trabajando por objetivos similares<\/h4>\n\n\n\n<p>Trabajamos junto a nuestros Miembros en una amistad-Hermandad como nos gustar\u00eda trabajar contigo.<\/p>\n<\/div>\n<\/div>\n\n\n\n<blockquote class=\"wp-block-quote is-style-large\" id=\"output\">\n<figure class=\"wp-block-image size-large\"><img fetchpriority=\"high\" decoding=\"async\" width=\"1024\" height=\"416\" src=\"http:\/\/acodmin.com\/wp-content\/uploads\/2023\/01\/295579952_2894792724000665_553778604784423470_n-1024x416.jpg\" alt=\"\" class=\"wp-image-11125\" srcset=\"http:\/\/acodmin.com\/wp-content\/uploads\/2023\/01\/295579952_2894792724000665_553778604784423470_n-1024x416.jpg 1024w, http:\/\/acodmin.com\/wp-content\/uploads\/2023\/01\/295579952_2894792724000665_553778604784423470_n-300x122.jpg 300w, http:\/\/acodmin.com\/wp-content\/uploads\/2023\/01\/295579952_2894792724000665_553778604784423470_n-768x312.jpg 768w, http:\/\/acodmin.com\/wp-content\/uploads\/2023\/01\/295579952_2894792724000665_553778604784423470_n-1536x625.jpg 1536w, http:\/\/acodmin.com\/wp-content\/uploads\/2023\/01\/295579952_2894792724000665_553778604784423470_n-18x7.jpg 18w, http:\/\/acodmin.com\/wp-content\/uploads\/2023\/01\/295579952_2894792724000665_553778604784423470_n-850x346.jpg 850w, http:\/\/acodmin.com\/wp-content\/uploads\/2023\/01\/295579952_2894792724000665_553778604784423470_n.jpg 1574w\" sizes=\"(max-width: 1024px) 100vw, 1024px\" \/><\/figure>\n<\/blockquote>\n\n\n\n<h2 class=\"has-text-align-center\">Nuestra promesa y compromiso<\/h2>\n\n\n\n<p>Hacer reuniones fraternales peri\u00f3dicas para brindar amistad, encuentros culturales con bailes, bingos y presentaciones culturales, diferentes cursos, seg\u00fan los intereses de sus integrantes, charlas sobre diversos temas, encuentros culturales para conocer mejor nuestro pa\u00eds anfitri\u00f3n, peque\u00f1os bazares, participaci\u00f3n en eventos sociales y proyectos y obras filantr\u00f3picas en Nicaragua.<\/p>\n\n\n\n<p>Hacer obras, proyectos, trabajos voluntarios que puedan reportar alg\u00fan beneficio, al pa\u00eds que nos acoge.<\/p>\n\n\n\n<p>Vea tambi\u00e9n:<\/p>\n\n\n\n<h2><a href=\"http:\/\/acodmin.com\/es\/sample-page\/\" title=\"Nuestra Misi\u00f3n\"> Nuestra Misi\u00f3n<\/a><br><\/h2>\n\n\n\n<pre class=\"wp-block-preformatted\"><input type=\"button\" value=\"Regresar\" class=\"alg_back_button_input\" style=\"\" onclick=\"window.history.back()\" \/><\/pre>","protected":false},"excerpt":{"rendered":"<p>ACODMIN Esto es lo m\u00e1s importante que debes saber: somos m\u00e1s que un grupo de encuentros, actividades culturales y amigos. Ayudamos con peque\u00f1os proyectos a realizar proyectos sociales filantr\u00f3picos de calidad, efectivos con sustentabilidad, que marcan la diferencia en la vida de muchas personas y ni\u00f1os. Con nuestro trabajo voluntario apoyamos a algunas comunidades necesitadas,&#8230;<\/p>","protected":false},"author":1,"featured_media":0,"parent":0,"menu_order":0,"comment_status":"closed","ping_status":"closed","template":"","meta":[],"aioseo_notices":[],"brizy_media":[],"_links":{"self":[{"href":"http:\/\/acodmin.com\/es\/wp-json\/wp\/v2\/pages\/10893"}],"collection":[{"href":"http:\/\/acodmin.com\/es\/wp-json\/wp\/v2\/pages"}],"about":[{"href":"http:\/\/acodmin.com\/es\/wp-json\/wp\/v2\/types\/page"}],"author":[{"embeddable":true,"href":"http:\/\/acodmin.com\/es\/wp-json\/wp\/v2\/users\/1"}],"replies":[{"embeddable":true,"href":"http:\/\/acodmin.com\/es\/wp-json\/wp\/v2\/comments?post=10893"}],"version-history":[{"count":9,"href":"http:\/\/acodmin.com\/es\/wp-json\/wp\/v2\/pages\/10893\/revisions"}],"predecessor-version":[{"id":11284,"href":"http:\/\/acodmin.com\/es\/wp-json\/wp\/v2\/pages\/10893\/revisions\/11284"}],"wp:attachment":[{"href":"http:\/\/acodmin.com\/es\/wp-json\/wp\/v2\/media?parent=10893"}],"curies":[{"name":"wp","href":"https:\/\/api.w.org\/{rel}","templated":true}]}}